{"id":7,"date":"2024-09-02T07:58:14","date_gmt":"2024-09-02T07:58:14","guid":{"rendered":"http:\/\/marchehorreur.local\/?page_id=2"},"modified":"2024-09-21T15:16:03","modified_gmt":"2024-09-21T13:16:03","slug":"sample-page","status":"publish","type":"page","link":"https:\/\/marchedelhorreur.be\/index.php\/sample-page\/","title":{"rendered":"Informations G\u00e9n\u00e9rales"},"content":{"rendered":"\n<figure class=\"wp-block-image aligncenter size-full is-style-default\"><img loading=\"lazy\" decoding=\"async\" width=\"150\" height=\"156\" src=\"https:\/\/marchedelhorreur.be\/wp-content\/uploads\/2024\/09\/pumpkin-smoke-new.gif\" alt=\"\" class=\"wp-image-215\"\/><\/figure>\n\n\n\n<div class=\"wp-block-columns is-layout-flex wp-container-core-columns-is-layout-28f84493 wp-block-columns-is-layout-flex\">\n<div class=\"wp-block-column is-layout-flow wp-block-column-is-layout-flow\">\n<h2 class=\"wp-block-heading\">Les interdits<\/h2>\n\n\n\n<ul class=\"wp-block-list\">\n<li><strong>Attention<\/strong> : Sur ordre de police, il est interdit de se garer le long de la Route de Frasnes (N528), les v\u00e9hicules stationn\u00e9s en lieu interdit seront enlev\u00e9s.<br><strong>Des parkings seront mis \u00e0 votre disposition et indiqu\u00e9s.<\/strong><\/li>\n\n\n\n<li>L\u2019usage de p\u00e9tards est strictement interdit.<\/li>\n\n\n\n<li>Pas de chiens en libert\u00e9. Les chiens sont admis mais tenus en laisse.<\/li>\n\n\n\n<li>Afin que tout le monde puisse profiter du spectacle, ne touchez pas et n\u2019emportez pas le mat\u00e9riel (flambeaux, signalisation, d\u00e9corations,\u2026).<\/li>\n<\/ul>\n<\/div>\n\n\n\n<div class=\"wp-block-column is-layout-flow wp-block-column-is-layout-flow\">\n<h2 class=\"wp-block-heading\">Les conseils pratiques<\/h2>\n\n\n\n<ul class=\"wp-block-list\">\n<li>Pr\u00e9voyez de bonnes chaussures ou des bottes.<br>Le parcours emprunte des routes asphalt\u00e9es mais aussi des chemins de terre (non accessibles aux PMR et poussettes).<\/li>\n\n\n\n<li>Par temps de pluie, pr\u00e9voyez un K-way et un bon pull si le temps est frais.<\/li>\n\n\n\n<li>Cette activit\u00e9 est ouverte \u00e0 tous, de 0 \u00e0 99 ans.<\/li>\n\n\n\n<li>Toilettes disponibles au d\u00e9part du parcours.<\/li>\n\n\n\n<li>Buvettes au d\u00e9part, sur le parcours et \u00e0 l\u2019arriv\u00e9e.<br>Ainsi que petite restauration (hot-dogs, soupe\u2026).<\/li>\n\n\n\n<li>Les lampes de poche sont tol\u00e9r\u00e9es, mais peuvent g\u00e2cher le spectacle et risquent de diminuer les effets de surprise.<\/li>\n<\/ul>\n<\/div>\n<\/div>\n","protected":false},"excerpt":{"rendered":"<p>Les interdits Les conseils pratiques<\/p>\n","protected":false},"author":1,"featured_media":0,"parent":0,"menu_order":0,"comment_status":"closed","ping_status":"open","template":"","meta":{"footnotes":""},"class_list":["post-7","page","type-page","status-publish","hentry"],"_links":{"self":[{"href":"https:\/\/marchedelhorreur.be\/index.php\/wp-json\/wp\/v2\/pages\/7","targetHints":{"allow":["GET"]}}],"collection":[{"href":"https:\/\/marchedelhorreur.be\/index.php\/wp-json\/wp\/v2\/pages"}],"about":[{"href":"https:\/\/marchedelhorreur.be\/index.php\/wp-json\/wp\/v2\/types\/page"}],"author":[{"embeddable":true,"href":"https:\/\/marchedelhorreur.be\/index.php\/wp-json\/wp\/v2\/users\/1"}],"replies":[{"embeddable":true,"href":"https:\/\/marchedelhorreur.be\/index.php\/wp-json\/wp\/v2\/comments?post=7"}],"version-history":[{"count":6,"href":"https:\/\/marchedelhorreur.be\/index.php\/wp-json\/wp\/v2\/pages\/7\/revisions"}],"predecessor-version":[{"id":252,"href":"https:\/\/marchedelhorreur.be\/index.php\/wp-json\/wp\/v2\/pages\/7\/revisions\/252"}],"wp:attachment":[{"href":"https:\/\/marchedelhorreur.be\/index.php\/wp-json\/wp\/v2\/media?parent=7"}],"curies":[{"name":"wp","href":"https:\/\/api.w.org\/{rel}","templated":true}]}}