{"id":188,"date":"2024-09-02T14:01:41","date_gmt":"2024-09-02T14:01:41","guid":{"rendered":"http:\/\/marchehorreur.local\/?page_id=188"},"modified":"2024-09-25T14:49:12","modified_gmt":"2024-09-25T12:49:12","slug":"marche-2024","status":"publish","type":"page","link":"https:\/\/marchedelhorreur.be\/index.php\/marche-2024\/","title":{"rendered":"Marche 2024"},"content":{"rendered":"\n\t\t<style>\n\t\t\t@import url(https:\/\/fonts.googleapis.com\/css?family=Griffy);\n\t\t\t#hcount{\n\t\t\t\tmax-width:600px;font-family:\"Griffy\",georgia,serif;font-size:20px;color:#f57f00;text-align:center;line-height:normal;margin:30px auto;background:#3d3825\n\t\t\t}\n\t\t\t#hcount .time{\n\t\t\t\tdisplay:inline-block;font-size:40px\n\t\t\t}\n\t\t\t#hcount.here{\n\t\t\t\t\/* background-color:#f57f00;background:linear-gradient(-45deg, #883ce7, #f57f00, #f6952c, #40d523);background-size:400% 400%;animation:hgradient 15s ease infinite*\/\n\t\t\t\tfont-family:\"halloween\",\"Griffy\",georgia,serif;\n\t\t\t}\n\t\t\t@keyframes hgradient{\n\t\t\t\t0%{background-position:0% 50%}50%{background-position:100% 50%;}100%{background-position:0% 50%}\n\t\t\t}\n\t\t\t#hcount .happy-halloween{\n\t\t\t\tcolor: #111111;\n\t\t\t\tanimation:flicker 4s 0s infinite;\n\t\t\t} \n\t\t\t@keyframes hfade{\n\t\t\t\t0%{font-size:0;opacity:0}70%{font-size:50px;opacity:1}80%{font-size:40px}90%{font-size:45px}100%{font-size:40px}\n\t\t\t}\n\t\t\t@keyframes flicker{\n\t\t\t\t0%, 6%, 12% {\n\t\t\t\t\ttext-shadow: none;\n\t\t\t\t\tcolor: #111111;\n\t\t\t\t}\n\t\t\t\t3%, 9% {\n\t\t\t\t\ttext-shadow: 0 0 8px rgba(#f57f00,0.6);\n\t\t\t\t\tcolor: #f57f00;\n\t\t\t\t}\n\t\t\t\t60% {\n\t\t\t\t\ttext-shadow: 0 0 8px rgba(#f57f00,0.6),\n\t\t\t\t\t0 0 16px rgba(#f57f00,0.4), \n\t\t\t\t\t0 0 20px rgba(255,0,84,0.2), \n\t\t\t\t\t0 0 22px rgba(255,0,84,0.1);\n\t\t\t\t\tcolor: #f57f00;\n\t\t\t\t}\n\t\t\t\t100% {\n\t\t\t\t\ttext-shadow: 0 0 8px rgba(#f57f00,0.6),\n\t\t\t\t\t0 0 16px rgba(#f57f00,0.4), \n\t\t\t\t\t0 0 20px rgba(255,0,84,0.2), \n\t\t\t\t\t0 0 22px rgba(255,0,84,0.1);\n\t\t\t\t\tcolor: #f57f00;\n\t\t\t\t}\n\t\t\t}\n\t\t<\/style>\n\t\t<div id=\"hcount\"><\/div>\n\t\t<script>var countDownDate=new Date(\"Oct 10, 2026 00:00:00\").getTime();var x=setInterval(function(){var now=new Date().getTime();var distance=countDownDate-now;var days=Math.floor(distance\/(1000*60*60*24));var hours=Math.floor((distance%(1000*60*60*24))\/(1000*60*60));var minutes=Math.floor((distance%(1000*60*60))\/(1000*60));var seconds=Math.floor((distance%(1000*60))\/1000);document.getElementById(\"hcount\").innerHTML=\"<span class=\\\"time days\\\">\"+days+\"<\/span><span class=\\\"duration days\\\">Jours<\/span> <span class=\\\"time hours\\\">\"+hours+\"<\/span><span class=\\\"duration hours\\\">Heures<\/span> <span class=\\\"time minutes\\\">\"+minutes+\"<\/span><span class=\\\"duration minutes\\\">Minutes<\/span> <span class=\\\"time seconds\\\">\"+seconds+\"<\/span><span class=\\\"duration seconds\\\">Seconds<\/span><br \/><span class=\\\"duration until\\\">avant<\/span> <span class=\\\"time halloween\\\">Notre marche<\/span>\";if(distance<0){clearInterval(x);var d=document.getElementById(\"hcount\");d.className+=\"here\";document.getElementById(\"hcount\").innerHTML=\"<span class=\\\"time happy-halloween\\\">Horror Time!<\/span>\"}},1000);<\/script>\n\t\n\n\n\n<figure class=\"wp-block-image size-full\"><img loading=\"lazy\" decoding=\"async\" width=\"540\" height=\"540\" src=\"https:\/\/marchedelhorreur.be\/wp-content\/uploads\/2024\/09\/Spider-Web-Halloween.gif\" alt=\"\" class=\"wp-image-216\"\/><\/figure>\n\n\n\n<figure class=\"wp-block-table is-style-regular halloween-table\"><table style=\"border-width:1px\"><tbody><tr><td>Quand<\/td><td>Le samedi <strong>05 octobre 2024<\/strong> :<br>D\u00e9parts de 19h30 \u00e0 22h.<\/td><\/tr><tr><td>O\u00f9<\/td><td><strong>D\u00e9part <\/strong>depuis \u00ab\u00a0Le Marichau\u00a0\u00bb : Au carrefour Rue du mont &#8211; Chemin du Calvaire et Chauss\u00e9e de Brunehault<\/td><\/tr><tr><td>Parking<\/td><td><strong>Interdit le long de la Route de Frasnes (N528)<\/strong><br>Le long de la rue du mont<br>Le long de la chauss\u00e9e Brunehault<br><strong>Ces 2 rues seront mises en sens unique<\/strong><\/td><\/tr><tr><td>P.A.F.<\/td><td>12.00 \u20ac par personne<\/td><\/tr><tr><td>Distance<\/td><td>Environ <strong>6 kilom\u00e8tres<\/strong><\/td><\/tr><tr><td>Plus d&rsquo;informations<\/td><td>Pour toute autre question, contactez-nous :<br>Par mail : <a href=\"mailto:fanfaredemainvault@skynet.be\">fanfaredemainvault@gmail.com<\/a><br>Voir plan de circulation-stationnement ci-dessous<\/td><\/tr><\/tbody><\/table><\/figure>\n\n\n\n<figure data-wp-context=\"{&quot;imageId&quot;:&quot;69f23b9b6a2e1&quot;}\" data-wp-interactive=\"core\/image\" data-wp-key=\"69f23b9b6a2e1\" class=\"wp-block-image aligncenter size-full wp-lightbox-container\"><img loading=\"lazy\" decoding=\"async\" width=\"909\" height=\"1010\" data-wp-class--hide=\"state.isContentHidden\" data-wp-class--show=\"state.isContentVisible\" data-wp-init=\"callbacks.setButtonStyles\" data-wp-on--click=\"actions.showLightbox\" data-wp-on--load=\"callbacks.setButtonStyles\" data-wp-on-window--resize=\"callbacks.setButtonStyles\" src=\"https:\/\/marchedelhorreur.be\/wp-content\/uploads\/2024\/09\/SignalisationHorreurMainvault2024-site.png\" alt=\"\" class=\"wp-image-560\" srcset=\"https:\/\/marchedelhorreur.be\/wp-content\/uploads\/2024\/09\/SignalisationHorreurMainvault2024-site.png 909w, https:\/\/marchedelhorreur.be\/wp-content\/uploads\/2024\/09\/SignalisationHorreurMainvault2024-site-270x300.png 270w, https:\/\/marchedelhorreur.be\/wp-content\/uploads\/2024\/09\/SignalisationHorreurMainvault2024-site-768x853.png 768w\" sizes=\"auto, (max-width: 909px) 100vw, 909px\" \/><button\n\t\t\tclass=\"lightbox-trigger\"\n\t\t\ttype=\"button\"\n\t\t\taria-haspopup=\"dialog\"\n\t\t\taria-label=\"Agrandir\"\n\t\t\tdata-wp-init=\"callbacks.initTriggerButton\"\n\t\t\tdata-wp-on--click=\"actions.showLightbox\"\n\t\t\tdata-wp-style--right=\"state.imageButtonRight\"\n\t\t\tdata-wp-style--top=\"state.imageButtonTop\"\n\t\t>\n\t\t\t<svg xmlns=\"http:\/\/www.w3.org\/2000\/svg\" width=\"12\" height=\"12\" fill=\"none\" viewBox=\"0 0 12 12\">\n\t\t\t\t<path fill=\"#fff\" d=\"M2 0a2 2 0 0 0-2 2v2h1.5V2a.5.5 0 0 1 .5-.5h2V0H2Zm2 10.5H2a.5.5 0 0 1-.5-.5V8H0v2a2 2 0 0 0 2 2h2v-1.5ZM8 12v-1.5h2a.5.5 0 0 0 .5-.5V8H12v2a2 2 0 0 1-2 2H8Zm2-12a2 2 0 0 1 2 2v2h-1.5V2a.5.5 0 0 0-.5-.5H8V0h2Z\" \/>\n\t\t\t<\/svg>\n\t\t<\/button><\/figure>\n\n\n\n<div class=\"wp-block-buttons is-content-justification-center is-layout-flex wp-container-core-buttons-is-layout-a89b3969 wp-block-buttons-is-layout-flex\">\n<div class=\"wp-block-button\"><a class=\"wp-block-button__link wp-element-button\" href=\"https:\/\/marchedelhorreur.be\/index.php\/sample-page\/\">Infos Pratiques<\/a><\/div>\n<\/div>\n","protected":false},"excerpt":{"rendered":"<p>Quand Le samedi 05 octobre 2024 :D\u00e9parts de 19h30 \u00e0 22h. O\u00f9 D\u00e9part depuis \u00ab\u00a0Le Marichau\u00a0\u00bb : Au carrefour Rue du mont &#8211; Chemin du Calvaire et Chauss\u00e9e de Brunehault Parking Interdit le long de la Route de Frasnes (N528)Le long de la rue du montLe long de la chauss\u00e9e BrunehaultCes 2 rues seront mises [&hellip;]<\/p>\n","protected":false},"author":1,"featured_media":0,"parent":0,"menu_order":0,"comment_status":"closed","ping_status":"closed","template":"","meta":{"footnotes":""},"class_list":["post-188","page","type-page","status-publish","hentry"],"_links":{"self":[{"href":"https:\/\/marchedelhorreur.be\/index.php\/wp-json\/wp\/v2\/pages\/188","targetHints":{"allow":["GET"]}}],"collection":[{"href":"https:\/\/marchedelhorreur.be\/index.php\/wp-json\/wp\/v2\/pages"}],"about":[{"href":"https:\/\/marchedelhorreur.be\/index.php\/wp-json\/wp\/v2\/types\/page"}],"author":[{"embeddable":true,"href":"https:\/\/marchedelhorreur.be\/index.php\/wp-json\/wp\/v2\/users\/1"}],"replies":[{"embeddable":true,"href":"https:\/\/marchedelhorreur.be\/index.php\/wp-json\/wp\/v2\/comments?post=188"}],"version-history":[{"count":6,"href":"https:\/\/marchedelhorreur.be\/index.php\/wp-json\/wp\/v2\/pages\/188\/revisions"}],"predecessor-version":[{"id":563,"href":"https:\/\/marchedelhorreur.be\/index.php\/wp-json\/wp\/v2\/pages\/188\/revisions\/563"}],"wp:attachment":[{"href":"https:\/\/marchedelhorreur.be\/index.php\/wp-json\/wp\/v2\/media?parent=188"}],"curies":[{"name":"wp","href":"https:\/\/api.w.org\/{rel}","templated":true}]}}